{"id":52628,"date":"2025-05-17T16:01:55","date_gmt":"2025-05-17T19:01:55","guid":{"rendered":"https:\/\/maderoimoveis.com.br\/site\/?page_id=52628"},"modified":"2026-01-04T10:38:58","modified_gmt":"2026-01-04T13:38:58","slug":"voga-florida-residencial","status":"publish","type":"page","link":"https:\/\/maderoimoveis.com.br\/site\/voga-florida-residencial\/","title":{"rendered":"VOGA FL\u00d3RIDA RESIDENCIAL"},"content":{"rendered":"<p>[et_pb_section fb_built=&#8221;1&#8243; _builder_version=&#8221;3.19.2&#8243; background_color=&#8221;#001c33&#8243; custom_padding=&#8221;77px|0px|100px|0px|false|false&#8221; top_divider_style=&#8221;wave2&#8243; top_divider_color=&#8221;#12876f&#8221; top_divider_height=&#8221;80px&#8221; bottom_divider_style=&#8221;wave2&#8243; bottom_divider_color=&#8221;#12876f&#8221; bottom_divider_height=&#8221;55px&#8221; locked=&#8221;off&#8221;][et_pb_row _builder_version=&#8221;3.19.2&#8243;][et_pb_column type=&#8221;1_3&#8243; _builder_version=&#8221;3.19.2&#8243; parallax=&#8221;off&#8221; parallax_method=&#8221;on&#8221;][et_pb_image src=&#8221;https:\/\/maderoimoveis.com.br\/site\/wp-content\/uploads\/2025\/05\/PARCERIAS-FIBRA-EXPERTS.png&#8221; url=&#8221;https:\/\/maderoimoveis.com.br\/site\/voga-florida-residencial\/&#8221; align=&#8221;center&#8221; _builder_version=&#8221;3.19.2&#8243;][\/et_pb_image][\/et_pb_column][et_pb_column type=&#8221;1_3&#8243; _builder_version=&#8221;3.19.2&#8243; parallax=&#8221;off&#8221; parallax_method=&#8221;on&#8221;][et_pb_text _builder_version=&#8221;3.19.2&#8243; text_font=&#8221;||||||||&#8221; text_orientation=&#8221;center&#8221; custom_margin=&#8221;-30px||&#8221;]<\/p>\n<h4 style=\"text-align: center;\"><\/h4>\n<h4 style=\"text-align: center;\"><span style=\"color: #ffffff; font-size: 19px;\"><\/span><\/h4>\n<h4 style=\"text-align: center;\"><span style=\"font-size: 19px; color: #12876f;\"><strong>ATEN\u00c7\u00c3O!<\/strong><\/span><\/h4>\n<p>O valor do m\u00b2 \u00e9 tabelado, mas pode ser negociado para menos.<br \/> Em caso de d\u00favidas, fale conosco<span style=\"font-size: 19px;\">.<\/span><\/p>\n<p>[\/et_pb_text][\/et_pb_column][et_pb_column type=&#8221;1_3&#8243; _builder_version=&#8221;3.19.2&#8243; parallax=&#8221;off&#8221; parallax_method=&#8221;on&#8221;][et_pb_code disabled_on=&#8221;off|on|off&#8221; _builder_version=&#8221;3.19.2&#8243; text_orientation=&#8221;center&#8221;]<!DOCTYPE html><!-- [et_pb_line_break_holder] --><html><!-- [et_pb_line_break_holder] --><head><!-- [et_pb_line_break_holder] -->    <title>Redirecionamento com contador<\/title><!-- [et_pb_line_break_holder] -->    <\/p>\n<style><!-- [et_pb_line_break_holder] -->        p {<!-- [et_pb_line_break_holder] -->            font-size: 19px;<!-- [et_pb_line_break_holder] -->            font-weight: ;   \/* negrito *\/<!-- [et_pb_line_break_holder] -->            color: #fff;         \/* branco apenas no texto *\/<!-- [et_pb_line_break_holder] -->        }<!-- [et_pb_line_break_holder] -->        #contador {<!-- [et_pb_line_break_holder] -->            text-align: center;   \/* centraliza apenas o n\u00famero *\/<!-- [et_pb_line_break_holder] -->            font-size: 60px;      \/* tamanho grande *\/<!-- [et_pb_line_break_holder] -->            font-weight: bold;    \/* negrito *\/<!-- [et_pb_line_break_holder] -->            color: #fff;          \/* branco *\/<!-- [et_pb_line_break_holder] -->            background-color: #12876f; \/* fundo verde-azulado *\/<!-- [et_pb_line_break_holder] -->            padding: 20px;<!-- [et_pb_line_break_holder] -->            display: inline-block; \/* mant\u00e9m s\u00f3 o bloco do contador *\/<!-- [et_pb_line_break_holder] -->            border-radius: 10px;   \/* cantos arredondados (opcional) *\/<!-- [et_pb_line_break_holder] -->            margin-top: 10px;<!-- [et_pb_line_break_holder] -->        }<!-- [et_pb_line_break_holder] -->    <\/style>\n<p><!-- [et_pb_line_break_holder] -->    <script type=\"text\/javascript\"><!-- [et_pb_line_break_holder] -->        let tempo = 10; \/\/ segundos at\u00e9 o redirecionamento<!-- [et_pb_line_break_holder] -->        function iniciarContagem() {<!-- [et_pb_line_break_holder] -->            let contador = document.getElementById(\"contador\");<!-- [et_pb_line_break_holder] -->            let intervalo = setInterval(function() {<!-- [et_pb_line_break_holder] -->                contador.innerHTML = tempo;<!-- [et_pb_line_break_holder] -->                tempo--;<!-- [et_pb_line_break_holder] -->                if (tempo < 0) {<!-- [et_pb_line_break_holder] -->                    clearInterval(intervalo);<!-- [et_pb_line_break_holder] -->                    window.location.href = \"https:\/\/www.orulo.com.br\/a\/maderoimoveis\/64646\";<!-- [et_pb_line_break_holder] -->                }<!-- [et_pb_line_break_holder] -->            }, 1000);<!-- [et_pb_line_break_holder] -->        }<!-- [et_pb_line_break_holder] -->    <\/script><!-- [et_pb_line_break_holder] --><\/head><!-- [et_pb_line_break_holder] --><body onload=\"iniciarContagem()\"><!-- [et_pb_line_break_holder] -->    <\/p>\n<p>Voc\u00ea ser\u00e1 redirecionado em:<\/p>\n<p><!-- [et_pb_line_break_holder] -->    <\/p>\n<div id=\"contador\">10<\/div>\n<p><!-- [et_pb_line_break_holder] --><\/body><!-- [et_pb_line_break_holder] --><\/html><!-- [et_pb_line_break_holder] -->[\/et_pb_code][et_pb_text _builder_version=&#8221;3.19.2&#8243; custom_margin=&#8221;-30px||&#8221;]<\/p>\n<p style=\"text-align: center;\"><a href=\"https:\/\/orulo.com.br\/a\/maderoimoveis\/64646\" target=\"_blank\" rel=\"noopener noreferrer\" title=\"VOGA FL\u00d3RIDA\"><span style=\"color: #ffffff;\">Se n\u00e3o quiser esperar clique aqui!<\/span><\/a><\/p>\n<p>[\/et_pb_text][\/et_pb_column][\/et_pb_row][et_pb_row custom_padding=&#8221;35px|0px|27px|0px|false|false&#8221; _builder_version=&#8221;3.19.2&#8243;][et_pb_column type=&#8221;4_4&#8243; _builder_version=&#8221;3.19.2&#8243; parallax=&#8221;off&#8221; parallax_method=&#8221;on&#8221;][et_pb_text _builder_version=&#8221;3.19.2&#8243;]<\/p>\n<p style=\"text-align: center;\"><span color=\"#112288\" style=\"color: #e09900; font-size: xx-large;\"><b>VOGA FL\u00d3RIDA\u00a0<\/b><\/span><\/p>\n<p style=\"text-align: center;\"><span color=\"#112288\" style=\"color: #12876f; font-size: xx-large;\">STUDIOS E APARTAMENTOS DE ALTO PADR\u00c3O<\/span><\/p>\n<p>[\/et_pb_text][et_pb_image src=&#8221;https:\/\/maderoimoveis.com.br\/site\/wp-content\/uploads\/2026\/01\/VOGA-FLORIDA-CAPA.png&#8221; align=&#8221;center&#8221; force_fullwidth=&#8221;on&#8221; _builder_version=&#8221;3.19.2&#8243; border_radii=&#8221;on|20px|20px|20px|20px&#8221; border_width_all=&#8221;4px&#8221; border_color_all=&#8221;#12876f&#8221; box_shadow_style=&#8221;preset1&#8243; box_shadow_blur=&#8221;44px&#8221; box_shadow_color=&#8221;#12876f&#8221;][\/et_pb_image][\/et_pb_column][\/et_pb_row][\/et_pb_section]<\/p>\n","protected":false},"excerpt":{"rendered":"<p>Voga Fl\u00f3rida Residencial, apartamentos de alto padr\u00e3o no Brooklin, im\u00f3veis sofisticados em S\u00e3o Paulo, empreendimento exclusivo na Rua Fl\u00f3rida, apartamentos de 33m\u00b2 a 121m\u00b2, im\u00f3veis com 1 a 3 dormit\u00f3rios, im\u00f3veis com at\u00e9 2 su\u00edtes, im\u00f3veis com 1 a 2 vagas de garagem, lazer completo, piscina adulto e infantil, academia moderna, espa\u00e7o gourmet, sal\u00e3o de festas, churrasqueira, brinquedoteca, pet place, sky lounge, sauna, seguran\u00e7a 24h, localiza\u00e7\u00e3o privilegiada, im\u00f3veis pr\u00f3ximos \u00e0 Berrini, im\u00f3veis pr\u00f3ximos ao Shopping Morumbi, im\u00f3veis pr\u00f3ximos ao Shopping Ibirapuera, im\u00f3veis pr\u00f3ximos ao Parque do Ibirapuera, im\u00f3veis pr\u00f3ximos a hospitais renomados, im\u00f3veis pr\u00f3ximos a escolas e universidades, im\u00f3veis pr\u00f3ximos a restaurantes sofisticados, im\u00f3veis pr\u00f3ximos ao metr\u00f4, im\u00f3veis com infraestrutura moderna, im\u00f3veis sustent\u00e1veis, arquitetura diferenciada, im\u00f3veis para investimento, im\u00f3veis prontos para morar, im\u00f3veis na planta, im\u00f3veis com tecnologia integrada, PENTHOUSES, 5 UNIDADES, 2 e 3 DORMIT\u00d3RIOS, 96 \u00c0 153M\u00b2, 2 VAGAS, 251 UNIDADES, RESIDENCIAIS E STUDIOS, 32M\u00b2 \u00c0 121M\u00b2,  1 \u00c0 2 VAGAS DE GARAGEM, <\/p>\n<p>Lazer no 4\u00ba pavimento:<br \/>\nPiscinas adulto com raia de 25 m e infantil cobertas, fitness interno, fitness externo, sala de dan\u00e7a e ioga, sky lounge, espa\u00e7o teen, pool house, pra\u00e7a do fogo, sala de massagem, sauna e sala de descanso<\/p>\n<p>Lazer no pavimento t\u00e9rreo:<br \/>\nSal\u00e3o de festas com copa, gourmet, churrasqueira, quadra recreativa,<br \/>\nplayground, brinquedoteca, pet place, red\u00e1rio, coliving com mini market, espa\u00e7os para reuni\u00e3o e trabalho, espa\u00e7o podcast, lavanderia e delivery.<\/p>\n<p>VOGA FL\u00d3RIDA RESIDENCIA<br \/>\nUnidade de 33m\u00b2 \u00e0 121m\u00b2<br \/>\n1, 2 e 3 dormit\u00f3rios com at\u00e9 2 su\u00edtes<br \/>\n1 \u00e0 2 vagas de garagem<br \/>\nEm constru\u00e7\u00e3o, entrega em 28\/07\/2027<br \/>\nBrooklin \u2013 Zona Sul<\/p>\n<p>Agende sua visita.<br \/>\nFale com o Consultor Madero: 11-98661-4736<\/p>\n","protected":false},"author":1,"featured_media":0,"parent":0,"menu_order":0,"comment_status":"closed","ping_status":"closed","template":"","meta":{"_et_pb_use_builder":"on","_et_pb_old_content":"","footnotes":""},"class_list":["post-52628","page","type-page","status-publish","hentry"],"_links":{"self":[{"href":"https:\/\/maderoimoveis.com.br\/site\/wp-json\/wp\/v2\/pages\/52628","targetHints":{"allow":["GET"]}}],"collection":[{"href":"https:\/\/maderoimoveis.com.br\/site\/wp-json\/wp\/v2\/pages"}],"about":[{"href":"https:\/\/maderoimoveis.com.br\/site\/wp-json\/wp\/v2\/types\/page"}],"author":[{"embeddable":true,"href":"https:\/\/maderoimoveis.com.br\/site\/wp-json\/wp\/v2\/users\/1"}],"replies":[{"embeddable":true,"href":"https:\/\/maderoimoveis.com.br\/site\/wp-json\/wp\/v2\/comments?post=52628"}],"version-history":[{"count":29,"href":"https:\/\/maderoimoveis.com.br\/site\/wp-json\/wp\/v2\/pages\/52628\/revisions"}],"predecessor-version":[{"id":55953,"href":"https:\/\/maderoimoveis.com.br\/site\/wp-json\/wp\/v2\/pages\/52628\/revisions\/55953"}],"wp:attachment":[{"href":"https:\/\/maderoimoveis.com.br\/site\/wp-json\/wp\/v2\/media?parent=52628"}],"curies":[{"name":"wp","href":"https:\/\/api.w.org\/{rel}","templated":true}]}}